{"id":10,"date":"2017-06-21T23:24:49","date_gmt":"2017-06-21T21:24:49","guid":{"rendered":"https:\/\/www.k-naehleon.de\/?page_id=10"},"modified":"2025-03-27T19:01:19","modified_gmt":"2025-03-27T18:01:19","slug":"startseite","status":"publish","type":"page","link":"https:\/\/www.k-naehleon.de\/?page_id=10","title":{"rendered":"Willkommen bei K-N\u00e4hleon!"},"content":{"rendered":"<p>&nbsp;<\/p>\n<p>M\u00f6chtest du Kleidung nicht nur von der Stange kaufen, sondern auch Unikate n\u00e4hen, die so individuell sind wie deine Kinder? Saugst du alles Wissen rund um das N\u00e4hen auf wie ein Schwamm? Dann geht es dir so wie mir und ich w\u00fcnsche dir viel Spa\u00df beim Lesen des Blogs und beim Ausprobieren von neuen Schnittmustern und N\u00e4htechniken! \ud83d\ude42<img loading=\"lazy\" decoding=\"async\" class=\"aligncenter wp-image-6424\" src=\"https:\/\/www.k-naehleon.de\/wp-content\/uploads\/2020\/04\/TextilGarnBand1.jpg\" alt=\"Jerseynudel - Textilgarn\" width=\"120\" height=\"94\" srcset=\"https:\/\/www.k-naehleon.de\/wp-content\/uploads\/2020\/04\/TextilGarnBand1.jpg 500w, https:\/\/www.k-naehleon.de\/wp-content\/uploads\/2020\/04\/TextilGarnBand1-300x235.jpg 300w\" sizes=\"auto, (max-width: 120px) 100vw, 120px\" \/><\/p>\n<p>Seit 2017 teile ich hier regelm\u00e4\u00dfg mein Wissen und meine Leidenschaft f\u00fcr das N\u00e4hen mit euch. K-N\u00e4hleon hat als Blog f\u00fcr das N\u00e4hen von Kinderkleidung angefangen, aber mittlerweile findest du hier Schnittmuster f\u00fcr die ganze Familie. Der Blog deckt eine breite Palette von Themen ab, wie die Grundlagen des N\u00e4hens, den Stoffkauf (mit gelegentlichen Fehlk\u00e4ufen) und N\u00e4h-Projekten mit Freebooks. Alle Anleitungen werden Schritt f\u00fcr Schritt erkl\u00e4rt, damit du auch als Anf\u00e4nger genau wei\u00dft, was zu tun ist.<\/p>\n<p><img loading=\"lazy\" decoding=\"async\" class=\"aligncenter wp-image-7699\" src=\"https:\/\/www.k-naehleon.de\/wp-content\/uploads\/2019\/05\/Depositphotos_13732856_xl-2015-1024x730.jpg\" alt=\"\" width=\"300\" height=\"214\" srcset=\"https:\/\/www.k-naehleon.de\/wp-content\/uploads\/2019\/05\/Depositphotos_13732856_xl-2015-1024x730.jpg 1024w, https:\/\/www.k-naehleon.de\/wp-content\/uploads\/2019\/05\/Depositphotos_13732856_xl-2015-300x214.jpg 300w, https:\/\/www.k-naehleon.de\/wp-content\/uploads\/2019\/05\/Depositphotos_13732856_xl-2015-768x547.jpg 768w, https:\/\/www.k-naehleon.de\/wp-content\/uploads\/2019\/05\/Depositphotos_13732856_xl-2015-1536x1095.jpg 1536w, https:\/\/www.k-naehleon.de\/wp-content\/uploads\/2019\/05\/Depositphotos_13732856_xl-2015-2048x1460.jpg 2048w\" sizes=\"auto, (max-width: 300px) 100vw, 300px\" \/><\/p>\n<p>&nbsp;<\/p>\n<p>Ob du ein erfahrener Profi oder ein Neuling in der N\u00e4hwelt bist, ist unser Blog hoffentlich eine hilfreiche Ressource, um noch mehr \u00fcber das sch\u00f6nste Hobby der Welt zu erfahren. Ich freue mich, dich in unserer Gemeinschaft willkommen zu hei\u00dfen!<\/p>\n<hr \/>\n<p>&nbsp;<\/p>\n<div class=\"one-half first\" style=\"padding: 30px 0px 0px 40px;\">\n<h2 style=\"text-align: center;\"><em>Hallo, ich bin Cailin!<\/em><\/h2>\n<p style=\"text-align: right;\">Oft ist es im Alltag mit kleinen Kindern nicht so leicht, Zeit f\u00fcr sch\u00f6ne Hobbies wie das N\u00e4hen zu finden. Deswegen sind die K-N\u00e4hleon-Schnittmuster schnell und einfach zu n\u00e4hen und alle N\u00e4hanleitungen werden mit viel Liebe (und Aufmerksamkeit) erstellt, so dass sie gut verst\u00e4ndlich sind.<\/p>\n<p style=\"text-align: right;\">Hier kannst du mehr <a href=\"https:\/\/www.k-naehleon.de\/?page_id=11\">\u00fcber mich<\/a> erfahren.<\/p>\n<\/div>\n<div class=\"one-half\"><img loading=\"lazy\" decoding=\"async\" class=\"aligncenter wp-image-4606\" src=\"https:\/\/www.k-naehleon.de\/wp-content\/uploads\/2019\/07\/HmmmNaehenFuerMich.jpg\" alt=\"\" width=\"300\" height=\"300\" srcset=\"https:\/\/www.k-naehleon.de\/wp-content\/uploads\/2019\/07\/HmmmNaehenFuerMich.jpg 700w, https:\/\/www.k-naehleon.de\/wp-content\/uploads\/2019\/07\/HmmmNaehenFuerMich-160x160.jpg 160w, https:\/\/www.k-naehleon.de\/wp-content\/uploads\/2019\/07\/HmmmNaehenFuerMich-300x300.jpg 300w\" sizes=\"auto, (max-width: 300px) 100vw, 300px\" \/><\/div>\n<p>&nbsp;<\/p>\n<hr \/>\n<h2 style=\"text-align: center;\">Du findest kleine Kinder in selbstgen\u00e4hter Kleidung so s\u00fc\u00df, hast aber nur wenig Zeit zu n\u00e4hen?<\/h2>\n<ul>\n<li>Dann empfehle ich dir das Freebook <a href=\"https:\/\/www.k-naehleon.de\/?p=598\" target=\"_blank\" rel=\"noopener\">Leggings Luna<\/a>, es ist mein\u00a0 Lieblingsschnitt und ein absolutes Zeitwunder. Mit nur f\u00fcnf N\u00e4hten ist die Leggings in den Gr\u00f6\u00dfen 44-116 schon fertig! \ud83d\ude42<\/li>\n<\/ul>\n<p><a href=\"https:\/\/www.k-naehleon.de\/?p=598\"><img loading=\"lazy\" decoding=\"async\" class=\"aligncenter wp-image-5721 size-thumbnail\" src=\"https:\/\/www.k-naehleon.de\/wp-content\/uploads\/2017\/11\/14-Freebook-Leggings-Luna-160x160.jpg\" alt=\"\" width=\"160\" height=\"160\" \/><\/a><\/p>\n<ul>\n<li>Wenn du in deinem Alltag endlich mehr Zeit zum N\u00e4hen finden m\u00f6chtest, dann helfen dir vielleicht <a href=\"https:\/\/www.k-naehleon.de\/?p=4046\">diese 12 Tipps<\/a>, wie du auch mit kleinen Kindern noch zum N\u00e4hen kommst.<br \/>\n<a href=\"https:\/\/www.k-naehleon.de\/?p=4046\"><img loading=\"lazy\" decoding=\"async\" class=\"aligncenter wp-image-7419 size-thumbnail\" src=\"https:\/\/www.k-naehleon.de\/wp-content\/uploads\/2021\/02\/Zeit_qu-160x160.jpg\" alt=\"\" width=\"160\" height=\"160\" srcset=\"https:\/\/www.k-naehleon.de\/wp-content\/uploads\/2021\/02\/Zeit_qu-160x160.jpg 160w, https:\/\/www.k-naehleon.de\/wp-content\/uploads\/2021\/02\/Zeit_qu-300x300.jpg 300w, https:\/\/www.k-naehleon.de\/wp-content\/uploads\/2021\/02\/Zeit_qu.jpg 600w\" sizes=\"auto, (max-width: 160px) 100vw, 160px\" \/><\/a><\/li>\n<\/ul>\n<hr \/>\n<p>&nbsp;<\/p>\n<h2 style=\"text-align: center;\">Beliebte Blogbeitr\u00e4ge<\/h2>\n<p>&nbsp;<\/p>\n<div class=\"one-fourth first\">\n<figure id=\"attachment_7180\" aria-describedby=\"caption-attachment-7180\" style=\"width: 300px\" class=\"wp-caption aligncenter\"><a href=\"https:\/\/www.k-naehleon.de\/?p=5802\"><img loading=\"lazy\" decoding=\"async\" class=\"alignnone wp-image-4112\" src=\"https:\/\/www.k-naehleon.de\/wp-content\/uploads\/2021\/10\/Saum_TShirt.jpg\" alt=\"\" width=\"300\" height=\"300\" \/><\/a><figcaption id=\"caption-attachment-7180\" class=\"wp-caption-text\"><a href=\"https:\/\/www.k-naehleon.de\/?p=5802\">11 Tipps um Jersey zu s\u00e4umen<\/a><\/figcaption><\/figure>\n<\/div>\n<div class=\"one-fourth\">\n<figure id=\"attachment_7003\" aria-describedby=\"caption-attachment-7003\" style=\"width: 300px\" class=\"wp-caption aligncenter\"><a href=\"https:\/\/www.k-naehleon.de\/?p=7002\"><img loading=\"lazy\" decoding=\"async\" class=\"wp-image-7003\" src=\"https:\/\/www.k-naehleon.de\/wp-content\/uploads\/2021\/02\/Leggings_Bindeband_qu.jpg\" alt=\"\" width=\"300\" height=\"300\" \/><\/a><figcaption id=\"caption-attachment-7003\" class=\"wp-caption-text\"><a href=\"https:\/\/www.k-naehleon.de\/?p=7002\">Anleitung: Leggings mit Bindeband n\u00e4hen<\/a><\/figcaption><\/figure>\n<\/div>\n<div class=\"one-fourth\">\n<figure id=\"attachment_6879\" aria-describedby=\"caption-attachment-6879\" style=\"width: 300px\" class=\"wp-caption aligncenter\"><a href=\"https:\/\/www.k-naehleon.de\/?p=6212\"><img loading=\"lazy\" decoding=\"async\" class=\"wp-image-6879\" src=\"https:\/\/www.k-naehleon.de\/wp-content\/uploads\/2021\/02\/Sparen-naehen-qu.jpg\" alt=\"Geld sparen beim N\u00e4hen - wie geht das?!\" width=\"300\" height=\"300\" \/><\/a><figcaption id=\"caption-attachment-6879\" class=\"wp-caption-text\"><a href=\"https:\/\/www.k-naehleon.de\/?p=6212\">Geld sparen beim N\u00e4hen &#8211; So geht das!<\/a><\/figcaption><\/figure>\n<\/div>\n<div class=\"one-fourth\">\n<figure id=\"attachment_6879\" aria-describedby=\"caption-attachment-6879\" style=\"width: 300px\" class=\"wp-caption aligncenter\"><a href=\"https:\/\/www.k-naehleon.de\/?p=6914\"><img loading=\"lazy\" decoding=\"async\" class=\"alignnone size-full wp-image-7387\" src=\"https:\/\/www.k-naehleon.de\/wp-content\/uploads\/2021\/02\/Leggings_unterteilt_naehen_qu.jpg\" alt=\"\" width=\"300\" height=\"300\" srcset=\"https:\/\/www.k-naehleon.de\/wp-content\/uploads\/2021\/02\/Leggings_unterteilt_naehen_qu.jpg 598w, https:\/\/www.k-naehleon.de\/wp-content\/uploads\/2021\/02\/Leggings_unterteilt_naehen_qu-300x300.jpg 300w, https:\/\/www.k-naehleon.de\/wp-content\/uploads\/2021\/02\/Leggings_unterteilt_naehen_qu-160x160.jpg 160w\" sizes=\"auto, (max-width: 300px) 100vw, 300px\" \/><\/a><figcaption id=\"caption-attachment-6879\" class=\"wp-caption-text\"><a href=\"https:\/\/www.k-naehleon.de\/?p=6914\">10 coole Varianten der Leggings Luna f\u00fcr M\u00e4dchen und Jungs<\/a><\/figcaption><\/figure>\n<\/div>\n<div class=\"one-fourth first\">\n<figure id=\"attachment_7180\" aria-describedby=\"caption-attachment-7180\" style=\"width: 300px\" class=\"wp-caption aligncenter\"><a href=\"https:\/\/www.k-naehleon.de\/?p=7150\"><img loading=\"lazy\" decoding=\"async\" class=\"wp-image-7180\" src=\"https:\/\/www.k-naehleon.de\/wp-content\/uploads\/2021\/02\/Braune-Handschuhe-quadratisch.jpg\" alt=\"\" width=\"300\" height=\"300\" \/><\/a><figcaption id=\"caption-attachment-7180\" class=\"wp-caption-text\"><a href=\"https:\/\/www.k-naehleon.de\/?p=7150\">Schnittmuster Handschuh Hendrik f\u00fcr Kinder &amp; Erwachsene<\/a><\/figcaption><\/figure>\n<\/div>\n<div class=\"one-fourth\">\n<figure id=\"attachment_7003\" aria-describedby=\"caption-attachment-7003\" style=\"width: 300px\" class=\"wp-caption aligncenter\"><a href=\"https:\/\/www.k-naehleon.de\/?p=3290\"><img loading=\"lazy\" decoding=\"async\" class=\"alignnone wp-image-4518\" src=\"https:\/\/www.k-naehleon.de\/wp-content\/uploads\/2021\/02\/GefuetterteLeggings_qu.jpg\" alt=\"\" width=\"300\" height=\"300\" \/><\/a><figcaption id=\"caption-attachment-7003\" class=\"wp-caption-text\"><a href=\"https:\/\/www.k-naehleon.de\/?p=3290\">N\u00e4hanleitung: Gef\u00fctterte Leggings n\u00e4hen<\/a><\/figcaption><\/figure>\n<\/div>\n<div class=\"one-fourth\">\n<figure id=\"attachment_6879\" aria-describedby=\"caption-attachment-6879\" style=\"width: 300px\" class=\"wp-caption aligncenter\"><a href=\"https:\/\/www.k-naehleon.de\/?p=2464\"><img loading=\"lazy\" decoding=\"async\" class=\"alignnone wp-image-3917\" src=\"https:\/\/www.k-naehleon.de\/wp-content\/uploads\/2021\/02\/Spruehstaerke_Schraegband_qu.jpg\" alt=\"Jersey Schr\u00e4gband endlich selber machen\" width=\"300\" height=\"300\" \/><\/a><figcaption id=\"caption-attachment-6879\" class=\"wp-caption-text\"><a href=\"https:\/\/www.k-naehleon.de\/?p=2464\">Schr\u00e4gband aus Jersey selber machen<\/a><\/figcaption><\/figure>\n<\/div>\n<div class=\"one-fourth\">\n<figure id=\"attachment_6879\" aria-describedby=\"caption-attachment-6879\" style=\"width: 300px\" class=\"wp-caption aligncenter\"><a href=\"https:\/\/www.k-naehleon.de\/?p=2464\"><img loading=\"lazy\" decoding=\"async\" class=\"alignnone wp-image-3917\" src=\"https:\/\/www.k-naehleon.de\/wp-content\/uploads\/2021\/02\/Baby-Ausstattung-naehen_qu.jpg\" alt=\"Baby-Ausstattung mit Freebooks\" width=\"300\" height=\"300\" \/><\/a><figcaption id=\"caption-attachment-6879\" class=\"wp-caption-text\"><a href=\"https:\/\/www.k-naehleon.de\/?p=2464\">Freebook-Sammlung: Baby-Erstausstattung n\u00e4hen<\/a><\/figcaption><\/figure>\n<\/div>\n<p>&nbsp;<\/p>\n<p>&nbsp;<\/p>\n<h2 style=\"text-align: center;\">Coole Freebooks<\/h2>\n<p>Au\u00dferdem gibt es hier einige kostenlose Schnittmuster f\u00fcr Babys und Kinder. Unter anderem sind das folgende Freebooks:<\/p>\n<p><center><a href=\"https:\/\/www.k-naehleon.de\/?p=598\"><img loading=\"lazy\" decoding=\"async\" class=\"alignnone wp-image-5698\" src=\"https:\/\/www.k-naehleon.de\/wp-content\/uploads\/2017\/11\/Leggings-Luna-Freebook-1.png\" alt=\"Kostenloses Schnittmuster f\u00fcr Babys und Kinder\" width=\"350\" height=\"350\" srcset=\"https:\/\/www.k-naehleon.de\/wp-content\/uploads\/2017\/11\/Leggings-Luna-Freebook-1.png 600w, https:\/\/www.k-naehleon.de\/wp-content\/uploads\/2017\/11\/Leggings-Luna-Freebook-1-300x300.png 300w, https:\/\/www.k-naehleon.de\/wp-content\/uploads\/2017\/11\/Leggings-Luna-Freebook-1-160x160.png 160w\" sizes=\"auto, (max-width: 350px) 100vw, 350px\" \/><\/a> <a href=\"https:\/\/www.k-naehleon.de\/?p=3273\"><img loading=\"lazy\" decoding=\"async\" class=\"alignnone wp-image-3834\" src=\"https:\/\/www.k-naehleon.de\/wp-content\/uploads\/2019\/03\/Zipfelm\u00fctzeZoeBaby.jpg\" alt=\"Kostenloses Schnittmuster Zipfelm\u00fctze f\u00fcr Babys\" width=\"350\" height=\"350\" srcset=\"https:\/\/www.k-naehleon.de\/wp-content\/uploads\/2019\/03\/Zipfelm\u00fctzeZoeBaby.jpg 600w, https:\/\/www.k-naehleon.de\/wp-content\/uploads\/2019\/03\/Zipfelm\u00fctzeZoeBaby-160x160.jpg 160w, https:\/\/www.k-naehleon.de\/wp-content\/uploads\/2019\/03\/Zipfelm\u00fctzeZoeBaby-300x300.jpg 300w\" sizes=\"auto, (max-width: 350px) 100vw, 350px\" \/><\/a> <a href=\"https:\/\/www.k-naehleon.de\/?p=5238\"><img loading=\"lazy\" decoding=\"async\" class=\"alignnone wp-image-5258\" src=\"https:\/\/www.k-naehleon.de\/wp-content\/uploads\/2019\/11\/Freebook-Baby-Handschuhe.jpg\" alt=\"\" width=\"350\" height=\"350\" srcset=\"https:\/\/www.k-naehleon.de\/wp-content\/uploads\/2019\/11\/Freebook-Baby-Handschuhe.jpg 600w, https:\/\/www.k-naehleon.de\/wp-content\/uploads\/2019\/11\/Freebook-Baby-Handschuhe-160x160.jpg 160w, https:\/\/www.k-naehleon.de\/wp-content\/uploads\/2019\/11\/Freebook-Baby-Handschuhe-300x300.jpg 300w\" sizes=\"auto, (max-width: 350px) 100vw, 350px\" \/><\/a><\/center>&nbsp;<\/p>\n<h2>Beliebte Schnittmuster<\/h2>\n<p><center><a href=\"https:\/\/www.k-naehleon.de\/?p=6300\"><img loading=\"lazy\" decoding=\"async\" class=\"alignnone wp-image-6343\" src=\"https:\/\/www.k-naehleon.de\/wp-content\/uploads\/2020\/04\/Leggings-Luna-116-146.jpg\" alt=\"Schnittmuster Leggings Luna f\u00fcr Kinder in 116. 122. 128. 134, 140 und 146\" width=\"350\" height=\"350\" srcset=\"https:\/\/www.k-naehleon.de\/wp-content\/uploads\/2020\/04\/Leggings-Luna-116-146.jpg 600w, https:\/\/www.k-naehleon.de\/wp-content\/uploads\/2020\/04\/Leggings-Luna-116-146-300x300.jpg 300w, https:\/\/www.k-naehleon.de\/wp-content\/uploads\/2020\/04\/Leggings-Luna-116-146-160x160.jpg 160w\" sizes=\"auto, (max-width: 350px) 100vw, 350px\" \/><\/a> <a href=\"https:\/\/www.k-naehleon.de\/?p=5965\"><img loading=\"lazy\" decoding=\"async\" class=\"alignnone wp-image-6035\" src=\"https:\/\/www.k-naehleon.de\/wp-content\/uploads\/2020\/03\/Damen-Schnittmuster-Leggings-Luna.jpg\" alt=\"Schnittmuster Leggins f\u00fcr Frauen XS - XXXL\" width=\"350\" height=\"350\" srcset=\"https:\/\/www.k-naehleon.de\/wp-content\/uploads\/2020\/03\/Damen-Schnittmuster-Leggings-Luna.jpg 600w, https:\/\/www.k-naehleon.de\/wp-content\/uploads\/2020\/03\/Damen-Schnittmuster-Leggings-Luna-300x300.jpg 300w, https:\/\/www.k-naehleon.de\/wp-content\/uploads\/2020\/03\/Damen-Schnittmuster-Leggings-Luna-160x160.jpg 160w\" sizes=\"auto, (max-width: 350px) 100vw, 350px\" \/>\u00a0<\/a><a href=\"https:\/\/www.k-naehleon.de\/?p=9612\"><img loading=\"lazy\" decoding=\"async\" class=\"alignnone wp-image-9680\" src=\"https:\/\/www.k-naehleon.de\/wp-content\/uploads\/2024\/06\/Tamina_122-146.jpg\" alt=\"\" width=\"350\" height=\"350\" srcset=\"https:\/\/www.k-naehleon.de\/wp-content\/uploads\/2024\/06\/Tamina_122-146.jpg 600w, https:\/\/www.k-naehleon.de\/wp-content\/uploads\/2024\/06\/Tamina_122-146-300x300.jpg 300w, https:\/\/www.k-naehleon.de\/wp-content\/uploads\/2024\/06\/Tamina_122-146-160x160.jpg 160w\" sizes=\"auto, (max-width: 350px) 100vw, 350px\" \/><\/a><\/center>Wenn du ab jetzt jeden N\u00e4htipp und alle K-N\u00e4hleon-Freebooks mitbekommen m\u00f6chtest, dann melde dich einfach zu unserem Newsletter an. Als Geschenk schicke ich dir dann das <strong>kostenlose Schnittmuster<\/strong> der <a href=\"https:\/\/www.k-naehleon.de\/?p=598\" target=\"_blank\" rel=\"noopener noreferrer\">Leggings Luna<\/a> in den Gr\u00f6\u00dfen 44-116 innerhalb der n\u00e4chsten Stunde zu.<\/p>\n<p style=\"text-align: center;\"><a href=\"https:\/\/www.k-naehleon.de\/?page_id=74\" target=\"_blank\" rel=\"noopener noreferrer\">Infos zum Datenschutz<\/a><\/p>\n<p style=\"text-align: center;\"><a class=\"button\" href=\"https:\/\/www.k-naehleon.de\/lists\/?p=subscribe&amp;id=2\" target=\"_blank\" rel=\"noopener noreferrer\"> Zum Newsletter anmelden <\/a><\/p>\n<p>Viel Spa\u00df beim Lesen!<\/p>\n<p>Cailin<\/p>\n<p>&nbsp;<\/p>\n<p>PS: Auch auf den sozialen Medien findest du das K-N\u00e4hleon. Aktuell bin ich vor allem auf Pinterest aktiv und teile dort viele Ideen von kreativen Bloggern. Ich w\u00fcrde mich freuen, wenn du mir folgst \ud83d\ude42<\/p>\n<ul>\n<li><a href=\"https:\/\/www.pinterest.de\/knaehleon\/\" target=\"_blank\" rel=\"noopener noreferrer\">K-N\u00e4hleon bei Pinterest<\/a><\/li>\n<li><a href=\"https:\/\/www.instagram.com\/knaehleon\/\" target=\"_blank\" rel=\"noopener noreferrer\">K-N\u00e4hleon bei Instagram<\/a><\/li>\n<li><a href=\"https:\/\/www.facebook.com\/KNaehleon\/\" target=\"_blank\" rel=\"noopener noreferrer\">K-N\u00e4hleon auf Facebook<\/a><\/li>\n<\/ul>\n<p style=\"text-align: center;\">\n","protected":false},"excerpt":{"rendered":"<p>&nbsp; M\u00f6chtest du Kleidung nicht nur von der Stange kaufen, sondern auch Unikate n\u00e4hen, die so individuell sind wie deine Kinder? Saugst du alles Wissen rund um das N\u00e4hen auf wie ein Schwamm? Dann geht es dir so wie mir und ich w\u00fcnsche dir viel Spa\u00df beim Lesen des Blogs und beim Ausprobieren von neuen [&hellip;]<\/p>\n","protected":false},"author":1,"featured_media":0,"parent":0,"menu_order":0,"comment_status":"closed","ping_status":"closed","template":"","meta":{"_genesis_hide_title":false,"_genesis_hide_breadcrumbs":false,"_genesis_hide_singular_image":false,"_genesis_hide_footer_widgets":false,"_genesis_custom_body_class":"","_genesis_custom_post_class":"","_genesis_layout":"full-width-content","footnotes":""},"class_list":{"0":"post-10","1":"page","2":"type-page","3":"status-publish","5":"entry"},"_links":{"self":[{"href":"https:\/\/www.k-naehleon.de\/index.php?rest_route=\/wp\/v2\/pages\/10","targetHints":{"allow":["GET"]}}],"collection":[{"href":"https:\/\/www.k-naehleon.de\/index.php?rest_route=\/wp\/v2\/pages"}],"about":[{"href":"https:\/\/www.k-naehleon.de\/index.php?rest_route=\/wp\/v2\/types\/page"}],"author":[{"embeddable":true,"href":"https:\/\/www.k-naehleon.de\/index.php?rest_route=\/wp\/v2\/users\/1"}],"replies":[{"embeddable":true,"href":"https:\/\/www.k-naehleon.de\/index.php?rest_route=%2Fwp%2Fv2%2Fcomments&post=10"}],"version-history":[{"count":179,"href":"https:\/\/www.k-naehleon.de\/index.php?rest_route=\/wp\/v2\/pages\/10\/revisions"}],"predecessor-version":[{"id":9956,"href":"https:\/\/www.k-naehleon.de\/index.php?rest_route=\/wp\/v2\/pages\/10\/revisions\/9956"}],"wp:attachment":[{"href":"https:\/\/www.k-naehleon.de\/index.php?rest_route=%2Fwp%2Fv2%2Fmedia&parent=10"}],"curies":[{"name":"wp","href":"https:\/\/api.w.org\/{rel}","templated":true}]}}