{"id":1440,"date":"2018-02-04T21:03:16","date_gmt":"2018-02-04T20:03:16","guid":{"rendered":"https:\/\/www.k-naehleon.de\/?page_id=1440"},"modified":"2018-03-31T19:08:40","modified_gmt":"2018-03-31T17:08:40","slug":"zum-newsletter-anmelden-fuer-hotmail-und-outlook-user","status":"publish","type":"page","link":"https:\/\/www.k-naehleon.de\/?page_id=1440","title":{"rendered":"Hinweise f\u00fcr Nutzer eines Hotmail- oder Outlook-Email-Kontos"},"content":{"rendered":"<p>Leider kommt es immer wieder vor, dass Emails bei Microsoft-Email-Konten (hotmail oder outlook) nicht zuverl\u00e4ssig zugestellt werden. Daher w\u00fcrde ich dir empfehlen, dich <strong>mit einer anderen Email-Adresse anzumelden<\/strong>, wenn es irgendwie m\u00f6glich ist. Wenn du es aber trotzdem probieren m\u00f6chtest, dann erh\u00f6ht die folgende Vorgehensweise die Wahrscheinlichkeit, dass du den Newsletter (und dein kostenloses Schnittmuster) tats\u00e4chlich empf\u00e4ngst:<\/p>\n<p>Es empfiehlt sich, vor der Anmeldung zum Newsletter bei Deinem Microsoft-Konto die Domain &#8222;k-naehleon.de&#8220; als sogenannten &#8222;Sicheren Absender&#8220; hinzuzuf\u00fcgen.<\/p>\n<p>Dazu gehst Du folgenderma\u00dfen vor:<\/p>\n<ol>\n<li>Einw\u00e4hlen in Dein Microsoft-Email-Konto (hotmail, outlook)<\/li>\n<li>Dann klickst du oben rechts auf das Zahnrad-Symbol. Im Auswahl-Menu w\u00e4hlst du &#8222;Optionen&#8220;<\/li>\n<li>Auf der linken Seite w\u00e4hlst du nun unter der Rubrik &#8222;E-Mail&#8220; =&gt; Junk-E-Mail =&gt; Sichere Absender<\/li>\n<li>Dort tr\u00e4gst du k-naehleon.de ein und klickst auf das &#8222;+&#8220; Zeichen<\/li>\n<li>Als letztes oben auf &#8222;Speichern&#8220; klicken.<\/li>\n<\/ol>\n<p>Die Emails von k-naehleon sollten jetzt im Postfach ankommen.<\/p>\n","protected":false},"excerpt":{"rendered":"<p>Leider kommt es immer wieder vor, dass Emails bei Microsoft-Email-Konten (hotmail oder outlook) nicht zuverl\u00e4ssig zugestellt werden. Daher w\u00fcrde ich dir empfehlen, dich mit einer anderen Email-Adresse anzumelden, wenn es irgendwie m\u00f6glich ist. Wenn du es aber trotzdem probieren m\u00f6chtest, dann erh\u00f6ht die folgende Vorgehensweise die Wahrscheinlichkeit, dass du den Newsletter (und dein kostenloses Schnittmuster) [&hellip;]<\/p>\n","protected":false},"author":1,"featured_media":0,"parent":0,"menu_order":0,"comment_status":"closed","ping_status":"closed","template":"","meta":{"_genesis_hide_title":false,"_genesis_hide_breadcrumbs":false,"_genesis_hide_singular_image":false,"_genesis_hide_footer_widgets":false,"_genesis_custom_body_class":"","_genesis_custom_post_class":"","_genesis_layout":"","footnotes":""},"class_list":{"0":"post-1440","1":"page","2":"type-page","3":"status-publish","5":"entry"},"_links":{"self":[{"href":"https:\/\/www.k-naehleon.de\/index.php?rest_route=\/wp\/v2\/pages\/1440","targetHints":{"allow":["GET"]}}],"collection":[{"href":"https:\/\/www.k-naehleon.de\/index.php?rest_route=\/wp\/v2\/pages"}],"about":[{"href":"https:\/\/www.k-naehleon.de\/index.php?rest_route=\/wp\/v2\/types\/page"}],"author":[{"embeddable":true,"href":"https:\/\/www.k-naehleon.de\/index.php?rest_route=\/wp\/v2\/users\/1"}],"replies":[{"embeddable":true,"href":"https:\/\/www.k-naehleon.de\/index.php?rest_route=%2Fwp%2Fv2%2Fcomments&post=1440"}],"version-history":[{"count":7,"href":"https:\/\/www.k-naehleon.de\/index.php?rest_route=\/wp\/v2\/pages\/1440\/revisions"}],"predecessor-version":[{"id":1762,"href":"https:\/\/www.k-naehleon.de\/index.php?rest_route=\/wp\/v2\/pages\/1440\/revisions\/1762"}],"wp:attachment":[{"href":"https:\/\/www.k-naehleon.de\/index.php?rest_route=%2Fwp%2Fv2%2Fmedia&parent=1440"}],"curies":[{"name":"wp","href":"https:\/\/api.w.org\/{rel}","templated":true}]}}