{"id":74,"date":"2017-06-25T21:34:55","date_gmt":"2017-06-25T19:34:55","guid":{"rendered":"https:\/\/www.k-naehleon.de\/?page_id=74"},"modified":"2025-04-16T18:13:30","modified_gmt":"2025-04-16T16:13:30","slug":"datenschutz","status":"publish","type":"page","link":"https:\/\/www.k-naehleon.de\/?page_id=74","title":{"rendered":"Datenschutz"},"content":{"rendered":"<p>Uns sind die Themen Privatsph\u00e4re und Datenschutz sehr wichtig. Hier erkl\u00e4ren wir euch, welche Daten wir von euch speichern und was mit damit machen.<\/p>\n<h3>Rechtsgrundlage<\/h3>\n<p>Die gesetzliche Grundlage f\u00fcr die Verarbeitung eurer personenbezogenen Daten ist die Datenschutz-Grundverordnung DSGVO.<\/p>\n<h3>Kommentarfunktion<\/h3>\n<p>Wenn Ihr einen Kommentar schreibt, so werden die von Euch eingegeben Daten wie Name und Email-Adresse sowie Eure IP-Adresse gespeichert. Dies geschieht, um mich soweit wie m\u00f6glich vor rechtswidrigen Inhalte in einem Kommentar zu sch\u00fctzen und um uns gegebenenfalls wegen einer R\u00fcckfrage bei Euch zu melden. Wenn der Kommentar ver\u00f6ffentlicht wird, so ist dort nur der Name (gerne auch ein Nickname) sowie der Kommentartext zu sehen.<\/p>\n<p>Eine Weitergabe oder eine anderweitige Verwendung Eurer Daten findet nicht statt.<\/p>\n<h4><\/h4>\n<h3><strong>Verbesserung des Angebotes durch Besuchsstatistik<\/strong><\/h3>\n<p>Zur Verbesserung unseres Onlineangebots werten wir gelegentlich aus, wie die Seite benutzt wird. Dazu erstellen wir Besucherstatistiken unter Nutzung der Open-Source-Anwendung Matomo (ehemals Piwik).<!-- Diese Anwendung veranlasst die Speicherung von Identifikationsnummern (HTTP-Cookies), um unterschiedliche Nutzer zu unterscheiden. --> In diesem Zusammenhang wird auch die IP-Adresse in die Auswertung einbezogen, aber umgehend so gek\u00fcrzt, dass eine pers\u00f6nliche Zuordnung nicht mehr m\u00f6glich ist. Gegebenenfalls werden auch der verwendete Ger\u00e4tetyp, Datum und Uhrzeit des Zugriffs, das Betriebssystem, der Browsertyp, die Display-Gr\u00f6\u00dfe in Pixel sowie durchgef\u00fchrte Datei-Downloads gespeichert.<\/p>\n<p>Wenn Du nicht damit einverstanden bist, dass Deine Seitenaufrufe mit in die Statistiken einbezogen werden, so gibt es mehrere M\u00f6glichkeiten:<\/p>\n<ul><!--\n \t\n\n<li>Du kannst die HTTP-Cookies in Deinem Browser l\u00f6schen.<\/li>\n\n\n--><\/p>\n<li>Du kannst in vielen modernen Browsern generell einstellen, den Seitenbetreibern zu signalisieren, sie nicht in derartige Statistiken einzubeziehen (sogenanntes \u201eDo-not-track\u201c). Wir halten uns an diese Vorgabe.<\/li>\n<li>Schlie\u00dflich kannst Du auch spezifisch f\u00fcr unser Angebot einstellen, dass Deine Nutzung nicht einbezogen wird. Hierf\u00fcr wird Matomo einen zwei Jahre g\u00fcltigen Opt-out-Cookie bei Dir speichern (\u201epiwik_ignore\u201c), um die Erfassung abzustellen.<\/li>\n<\/ul>\n<p>Du kannst hier entscheiden, ob <!-- in Deinem Browser ein eindeutiger Webanalyse-Cookie abgelegt werden darf, um uns die Erfassung und Analyse verschiedener statistischer Daten zu erm\u00f6glichen--> Du uns die Erfassung und Analyse verschiedener statistischer Daten erlaubst:<\/p>\n<p><input id=\"piwik_cb\" style=\"height: 16px; width: 30px; vertical-align: middle;\" name=\"subscribe\" type=\"checkbox\" value=\"newsletter\" \/> <label style=\"vertical-align: middle;\" for=\"piwik_cb\"> <strong> Webanalyse<!-- -Cookie --> zulassen<\/strong><\/label><\/p>\n<h3>Pinterest-Button<\/h3>\n<p>Um den Pinterest-Button datenschutzkonform einzubinden, benutzen wir das <a href=\"https:\/\/de.wordpress.org\/plugins\/shariff\/\">Shariff-Plugin<\/a>. Dadurch werden deine Daten nicht generell an Pinterest gesendet, sondern erst, wenn du aktiv auf den Pinterest-Knopf klickst. Dann stellt dein Browser eine Verbindung zu Pinterest her. Die Details zur Datenverarbeitung von Pinterest findest du hier: <a href=\"https:\/\/policy.pinterest.com\/de\/privacy-policy-preview\" target=\"_blank\" rel=\"noopener\">https:\/\/policy.pinterest.com\/de\/privacy-policy-preview<\/a><\/p>\n<h3>Newsletter<\/h3>\n<p>Du kannst dich zu unserem kostenlosen Newsletter anmelden. Wenn du dich auf unserer Webseite registriert hast, bekommst du eine Email mit einem Best\u00e4tigungslink zugesendet (Double-Opt-in-Verfahren). Wenn du auf den Best\u00e4tigungs-Link klickst, bist du endg\u00fcltig angemeldet und ich werde dir regelm\u00e4\u00dfig den Newsletter zusenden, zum Beispiel \u00fcber Neuigkeiten auf dem Blog, wenn ich ein spannendes Thema oder eine interessante Anleitung f\u00fcr die Newsletter-Abonnenten habe, zuk\u00fcnftig eventuell auch bei Produktinformationen (Werbung), f\u00fcr Umfragen oder um nach deiner Meinung zu einem speziellen Thema zu fragen.<\/p>\n<p>Jede Email des Newsletters enth\u00e4lt am Ende einen Link, mit dem du dich jederzeit ganz einfach vom Newsletter abmelden kannst. Solltest du dich abgemeldet haben, so werden deine Daten, die im Zusammenhang mit dem Newsletter gespeichert wurden, nach kurzer Zeit (in der Regle 1-2 Wochen) gel\u00f6scht.<\/p>\n<p>Welche Daten speichern wir? Wir speichern deine E-Mail-Adresse und verwenden sie ausschlie\u00dflich, um dir die oben genannten E-Mails zu schicken. Au\u00dferdem erhebt das Programm, das wir zum Versenden der E-Mails benutzen, die Information ob und wann du die E-Mail ge\u00f6ffnet hast und\/oder auf einen Link in der E-Mail geklickt hast. Diese Informationen werden zu \u00d6ffnungsraten und Click-Statistiken weiterverarbeitet. Dies hilft mir zu erkennen, wie der Newsletter bei euch ankommt, die Informationen werden aber sonst nicht weiterverarbeitet.<\/p>\n<p>Wir geben deine Daten grunds\u00e4tzlich nicht an Dritte weiter.<\/p>\n<h3>Teilnahme an Affiliate-Programmen<\/h3>\n<p>Wir nehmen am Partner-Programm von Amazon (Amazon EU S.\u00e0 r.l., 38 avenue John F. Kennedy, L-1855 Luxemburg ) teil. Als Amazon-Partner verdienen wir an qualifizierten Verk\u00e4ufen einen Prozentsatz des Einkaufs. Die Datenschutzerkl\u00e4rung von Amazon findest du hier: <a href=\"https:\/\/www.amazon.de\/gp\/help\/customer\/display.html?nodeId=201909010\">Datenschutzerkl\u00e4rung von Amazon<\/a>.<\/p>\n<h3>Cookies und Meldungen zu Zugriffszahlen<\/h3>\n<p>Wir setzen &#8222;Session-Cookies&#8220; der VG Wort, M\u00fcnchen, zur Messung von Zugriffen auf Texten ein, um die Kopierwahrscheinlichkeit zu erfassen. Session-Cookies sind kleine Informationseinheiten, die ein Anbieter im Arbeitsspeicher des Computers des Besuchers speichert. In einem Session-Cookie wird eine zuf\u00e4llig erzeugte eindeutige Identifikationsnummer abgelegt, eine sogenannte Session-ID. Au\u00dferdem enth\u00e4lt ein Cookie die Angabe \u00fcber seine Herkunft und die Speicherfrist. Session-Cookies k\u00f6nnen keine anderen Daten speichern. Diese Messungen werden von der Kantar Deutschland GmbH nach dem Skalierbaren Zentralen Messverfahren (SZM) durchgef\u00fchrt. Sie helfen dabei, die Kopierwahrscheinlichkeit einzelner Texte zur Verg\u00fctung von gesetzlichen Anspr\u00fcchen von Autoren und Verlagen zu ermitteln. Wir erfassen keine personenbezogenen Daten \u00fcber Cookies.<\/p>\n<p>Wir erm\u00f6glichen damit, dass unsere Autoren an den Aussch\u00fcttungen der VG Wort partizipieren, die die gesetzliche Verg\u00fctung f\u00fcr die Nutzungen urheberrechtlich gesch\u00fctzter Werke gem. \u00a7 53 UrhG sicherstellen.<\/p>\n<p>Eine Nutzung unserer Angebote ist auch ohne Cookies m\u00f6glich. Die meisten Browser sind so eingestellt, dass sie Cookies automatisch akzeptieren. Du kannst das Speichern von Cookies jedoch deaktivieren oder deinen Browser so einstellen, dass er dich benachrichtigt, sobald Cookies gesendet werden.<\/p>\n<h3>Webangebote<\/h3>\n<p>Unsere Website und unser mobiles Webangebot nutzen das \u201eSkalierbare Zentrale Messverfahren\u201c (SZM) der Kantar Deutschland GmbH f\u00fcr die Ermittlung statistischer Kennwerte zur Ermittlung der Kopierwahrscheinlichkeit von Texten.<\/p>\n<p>Dabei werden anonyme Messwerte erhoben. Die Zugriffszahlenmessung verwendet zur Wiedererkennung von Computersystemen alternativ ein Session-Cookie oder eine Signatur, die aus verschiedenen automatisch \u00fcbertragenen Informationen Ihres Browsers erstellt wird. IP-Adressen werden nur in anonymisierter Form verarbeitet.<\/p>\n<p>Das Verfahren wurde unter der Beachtung des Datenschutzes entwickelt. Einziges Ziel des Verfahrens ist es, die Kopierwahrscheinlichkeit einzelner Texte zu ermitteln.<br \/>\nZu keinem Zeitpunkt werden einzelne Nutzer identifiziert. Deine Identit\u00e4t bleibt immer gesch\u00fctzt. Du erh\u00e4ltst \u00fcber das System keine Werbung.<\/p>\n<h3>Deine Rechte<\/h3>\n<p>Du hast das Recht, jederzeit Auskunft dar\u00fcber zu bekommen, welche Daten wir von dir verarbeiten und zu welchem Zweck diese Daten verwendet werden. Du kannst jederzeit deine Daten korrigieren lassen, falls wir sie fehlerhaft gespeichert haben. Au\u00dferdem kannst du verlangen, dass wir alle deine personenbezogenen Daten l\u00f6schen, sofern wir sie nicht aus einem wichtigen Grund ben\u00f6tigen (z.B. um vertraglichen Pflichten nachzukommen oder aufgrund einer gesetzlichen Verpflichtung) oder ihre Verwendung einschr\u00e4nken. Wenn du von diesen Rechten Gebrauch machen m\u00f6chtest, dann kontaktieren uns bitte, unsere Kontaktdaten findest du im <a href=\"https:\/\/www.k-naehleon.de\/?page_id=12\">Impressum<\/a>. Au\u00dferdem hast du das Recht, dich bei einer Aufsichtsbeh\u00f6rde zu beschweren.<\/p>\n","protected":false},"excerpt":{"rendered":"<p>Uns sind die Themen Privatsph\u00e4re und Datenschutz sehr wichtig. Hier erkl\u00e4ren wir euch, welche Daten wir von euch speichern und was mit damit machen. Rechtsgrundlage Die gesetzliche Grundlage f\u00fcr die Verarbeitung eurer personenbezogenen Daten ist die Datenschutz-Grundverordnung DSGVO. Kommentarfunktion Wenn Ihr einen Kommentar schreibt, so werden die von Euch eingegeben Daten wie Name und Email-Adresse [&hellip;]<\/p>\n","protected":false},"author":1,"featured_media":0,"parent":0,"menu_order":0,"comment_status":"closed","ping_status":"closed","template":"","meta":{"_genesis_hide_title":false,"_genesis_hide_breadcrumbs":false,"_genesis_hide_singular_image":false,"_genesis_hide_footer_widgets":false,"_genesis_custom_body_class":"","_genesis_custom_post_class":"","_genesis_layout":"","footnotes":""},"class_list":{"0":"post-74","1":"page","2":"type-page","3":"status-publish","5":"entry"},"_links":{"self":[{"href":"https:\/\/www.k-naehleon.de\/index.php?rest_route=\/wp\/v2\/pages\/74","targetHints":{"allow":["GET"]}}],"collection":[{"href":"https:\/\/www.k-naehleon.de\/index.php?rest_route=\/wp\/v2\/pages"}],"about":[{"href":"https:\/\/www.k-naehleon.de\/index.php?rest_route=\/wp\/v2\/types\/page"}],"author":[{"embeddable":true,"href":"https:\/\/www.k-naehleon.de\/index.php?rest_route=\/wp\/v2\/users\/1"}],"replies":[{"embeddable":true,"href":"https:\/\/www.k-naehleon.de\/index.php?rest_route=%2Fwp%2Fv2%2Fcomments&post=74"}],"version-history":[{"count":50,"href":"https:\/\/www.k-naehleon.de\/index.php?rest_route=\/wp\/v2\/pages\/74\/revisions"}],"predecessor-version":[{"id":10005,"href":"https:\/\/www.k-naehleon.de\/index.php?rest_route=\/wp\/v2\/pages\/74\/revisions\/10005"}],"wp:attachment":[{"href":"https:\/\/www.k-naehleon.de\/index.php?rest_route=%2Fwp%2Fv2%2Fmedia&parent=74"}],"curies":[{"name":"wp","href":"https:\/\/api.w.org\/{rel}","templated":true}]}}